{"id":1186,"date":"2024-09-18T17:40:49","date_gmt":"2024-09-18T17:40:49","guid":{"rendered":"https:\/\/casinozortea.com\/?page_id=1186"},"modified":"2024-09-18T17:40:49","modified_gmt":"2024-09-18T17:40:49","slug":"politica-de-privacidad","status":"publish","type":"page","link":"https:\/\/casinozortea.com\/en\/politica-de-privacidad\/","title":{"rendered":"Pol\u00edtica de privacidad"},"content":{"rendered":"<p>Esta Pol\u00edtica de privacidad describe las pol\u00edticas de Casino Zortea, Cra. 43A #30-25 C.C. Premium Plaza Local 3101 Piso 3 \/ Medell\u00edn &#8211; Antioquia, Antioquia 050012, Colombia, correo electr\u00f3nico: <a href=\"mailto:Aux.administracion@casinozortea.com\">Aux.administracion@casinozortea.com<\/a>, tel\u00e9fono: 3044403647 sobre la recopilaci\u00f3n, el uso y la divulgaci\u00f3n de su informaci\u00f3n que recopilamos cuando utiliza nuestro sitio web (http:\/\/casinozortea.com\/). (el &#8220;Servicio&#8221;). Al acceder o utilizar el Servicio, usted acepta la recopilaci\u00f3n, el uso y la divulgaci\u00f3n de su informaci\u00f3n de acuerdo con esta Pol\u00edtica de privacidad. Si no acepta esto, no acceda ni utilice el Servicio.<br>Podemos modificar esta Pol\u00edtica de privacidad en cualquier momento sin previo aviso y publicaremos la Pol\u00edtica de privacidad revisada en el Servicio. La Pol\u00edtica revisada entrar\u00e1 en vigencia 180 d\u00edas despu\u00e9s de su publicaci\u00f3n en el Servicio y su acceso o uso continuo del Servicio despu\u00e9s de ese tiempo constituir\u00e1 su aceptaci\u00f3n de la Pol\u00edtica de privacidad revisada. Por lo tanto, le recomendamos que revise peri\u00f3dicamente esta p\u00e1gina.<\/p>\n\n\n\n<p><strong>Informaci\u00f3n que recopilamos:<br><\/strong>Recopilaremos y procesaremos la siguiente informaci\u00f3n personal sobre usted:<\/p>\n\n\n\n<p>Name<br>Correo electr\u00f3nico<br>M\u00f3vil<\/p>\n\n\n\n<p><strong>C\u00f3mo usamos su informaci\u00f3n:<\/strong><br>Usaremos la informaci\u00f3n que recopilamos sobre usted para los siguientes fines:<\/p>\n\n\n\n<p>Marketing\/promoci\u00f3n<br>Testimonios<br>Recopilaci\u00f3n de comentarios de clientes<br>Hacer cumplir los t\u00e9rminos y condiciones<br>Publicidad dirigida<br>Protecci\u00f3n del sitio<br>Comentarios de usuario a usuario<br>Si queremos usar su informaci\u00f3n para cualquier otro prop\u00f3sito, le solicitaremos su consentimiento y usaremos su informaci\u00f3n solo despu\u00e9s de recibir su consentimiento y, luego, solo para el prop\u00f3sito o los fines para los cuales otorg\u00f3 el consentimiento, a menos que la ley nos obligue a hacer lo contrario.<\/p>\n\n\n\n<p><strong>Retenci\u00f3n de su informaci\u00f3n:<\/strong><br>Conservaremos su informaci\u00f3n personal con nosotros durante 90 d\u00edas a 2 a\u00f1os despu\u00e9s de que las cuentas de usuario permanezcan inactivas o durante el tiempo que la necesitemos para cumplir con los fines para los que se recopil\u00f3, tal como se detalla en esta Pol\u00edtica de privacidad. Es posible que debamos retener cierta informaci\u00f3n durante per\u00edodos m\u00e1s prolongados, como el mantenimiento de registros o la presentaci\u00f3n de informes de conformidad con la ley aplicable o por otras razones leg\u00edtimas, como el cumplimiento de los derechos legales, la prevenci\u00f3n del fraude, etc. La informaci\u00f3n an\u00f3nima residual y la informaci\u00f3n agregada, que no lo identifiquen (directa o indirectamente), pueden almacenarse indefinidamente.<\/p>\n\n\n\n<p><strong>Sus derechos:<\/strong><br>Dependiendo de la ley que se aplique, puede tener derecho a acceder y rectificar o borrar sus datos personales o recibir una copia de sus datos personales, restringir u oponerse al procesamiento activo de sus datos, solicitarnos que compartamos (portemos) su informaci\u00f3n personal a otra entidad, retirar cualquier consentimiento que nos haya proporcionado para procesar sus datos, derecho a presentar una queja ante una autoridad legal y otros derechos que puedan ser relevantes seg\u00fan las leyes aplicables. Para ejercer estos derechos, puede escribirnos a <a href=\"mailto:Aux.administracion@casinozortea.com\">Aux.administracion@casinozortea.com<\/a>. Responderemos a su solicitud de conformidad con la legislaci\u00f3n aplicable.<br>Puede optar por no recibir comunicaciones de marketing directo o la elaboraci\u00f3n de perfiles que realizamos con fines de marketing escribi\u00e9ndonos a <a href=\"mailto:Aux.administracion@casinozortea.com\">Aux.administracion@casinozortea.com<\/a>.<br>Tenga en cuenta que si no nos permite recopilar o procesar la informaci\u00f3n personal requerida o retira el consentimiento para procesarla para los fines requeridos, es posible que no pueda acceder o utilizar los servicios para los que se solicit\u00f3 su informaci\u00f3n.<\/p>\n\n\n\n<p><strong>Cookies, etc.<\/strong><br>Para obtener m\u00e1s informaci\u00f3n sobre c\u00f3mo las usamos y sus opciones en relaci\u00f3n con estas tecnolog\u00edas de seguimiento, consulte nuestra Pol\u00edtica de cookies.<\/p>\n\n\n\n<p><strong>Seguridad:<\/strong><br>La seguridad de su informaci\u00f3n es importante para nosotros y utilizaremos medidas de seguridad razonables para evitar la p\u00e9rdida, el mal uso o la alteraci\u00f3n no autorizada de su informaci\u00f3n bajo nuestro control. Sin embargo, dados los riesgos inherentes, no podemos garantizar la seguridad absoluta y, en consecuencia, no podemos asegurar ni garantizar la seguridad de la informaci\u00f3n que nos transmita y lo hace bajo su propio riesgo.<\/p>\n\n\n\n<p><strong>Enlaces de terceros y uso de su informaci\u00f3n:<\/strong><br>Nuestro Servicio puede contener enlaces a otros sitios web que no son operados por nosotros. Esta Pol\u00edtica de privacidad no aborda la pol\u00edtica de privacidad ni otras pr\u00e1cticas de terceros, incluido cualquier tercero que opere un sitio web o servicio al que se pueda acceder a trav\u00e9s de un enlace en el Servicio. Le recomendamos encarecidamente que revise la pol\u00edtica de privacidad de cada sitio que visite. No tenemos control ni asumimos ninguna responsabilidad por el contenido, las pol\u00edticas de privacidad o las pr\u00e1cticas de sitios o servicios de terceros.<\/p>\n\n\n\n<p><strong>Responsable de quejas y protecci\u00f3n de datos:<br><\/strong>Si tiene alguna consulta o inquietud sobre el procesamiento de su informaci\u00f3n que est\u00e1 disponible con nosotros, puede enviar un correo electr\u00f3nico a nuestro Responsable de quejas en Casino Zortea, Cra. 43A #30-25 C.C. Premium Plaza Local 3101 Piso 3 \/ Medell\u00edn &#8211; Antioquia, correo electr\u00f3nico: <a href=\"mailto:Aux.administracion@casinozortea.com\">Aux.administracion@casinozortea.com<\/a>. Abordaremos sus inquietudes de acuerdo con la ley aplicable.<\/p>","protected":false},"excerpt":{"rendered":"<p>Esta Pol\u00edtica de privacidad describe las pol\u00edticas de Casino Zortea, Cra. 43A #30-25 C.C. Premium Plaza Local 3101 Piso 3 \/ Medell\u00edn &#8211; Antioquia, Antioquia 050012, Colombia, correo electr\u00f3nico: Aux.administracion@casinozortea.com, tel\u00e9fono: 3044403647 sobre la recopilaci\u00f3n, el uso y la divulgaci\u00f3n de su informaci\u00f3n que recopilamos cuando utiliza nuestro sitio web (http:\/\/casinozortea.com\/). (el &#8220;Servicio&#8221;). Al acceder [&hellip;]<\/p>\n","protected":false},"author":1,"featured_media":0,"parent":0,"menu_order":0,"comment_status":"closed","ping_status":"closed","template":"","meta":{"footnotes":""},"class_list":["post-1186","page","type-page","status-publish","hentry"],"yoast_head":"<!-- This site is optimized with the Yoast SEO Premium plugin v22.6 (Yoast SEO v27.1.1) - https:\/\/yoast.com\/product\/yoast-seo-premium-wordpress\/ -->\n<title>Pol\u00edtica de privacidad - Casino Zortea<\/title>\n<meta name=\"robots\" content=\"index, follow, max-snippet:-1, max-image-preview:large, max-video-preview:-1\" \/>\n<link rel=\"canonical\" href=\"https:\/\/casinozortea.com\/en\/politica-de-privacidad\/\" \/>\n<meta property=\"og:locale\" content=\"en_US\" \/>\n<meta property=\"og:type\" content=\"article\" \/>\n<meta property=\"og:title\" content=\"Pol\u00edtica de privacidad\" \/>\n<meta property=\"og:description\" content=\"Esta Pol\u00edtica de privacidad describe las pol\u00edticas de Casino Zortea, Cra. 43A #30-25 C.C. Premium Plaza Local 3101 Piso 3 \/ Medell\u00edn &#8211; Antioquia, Antioquia 050012, Colombia, correo electr\u00f3nico: Aux.administracion@casinozortea.com, tel\u00e9fono: 3044403647 sobre la recopilaci\u00f3n, el uso y la divulgaci\u00f3n de su informaci\u00f3n que recopilamos cuando utiliza nuestro sitio web (http:\/\/casinozortea.com\/). (el &#8220;Servicio&#8221;). Al acceder [&hellip;]\" \/>\n<meta property=\"og:url\" content=\"https:\/\/casinozortea.com\/en\/politica-de-privacidad\/\" \/>\n<meta property=\"og:site_name\" content=\"Casino Zortea\" \/>\n<meta property=\"article:publisher\" content=\"https:\/\/www.facebook.com\/profile.php?id=61565746108560\" \/>\n<meta property=\"og:image\" content=\"https:\/\/casinozortea.com\/wp-content\/uploads\/2024\/09\/Zortea-scaled.webp\" \/>\n\t<meta property=\"og:image:width\" content=\"2560\" \/>\n\t<meta property=\"og:image:height\" content=\"2560\" \/>\n\t<meta property=\"og:image:type\" content=\"image\/webp\" \/>\n<meta name=\"twitter:card\" content=\"summary_large_image\" \/>\n<meta name=\"twitter:label1\" content=\"Est. reading time\" \/>\n\t<meta name=\"twitter:data1\" content=\"4 minutes\" \/>\n<script type=\"application\/ld+json\" class=\"yoast-schema-graph\">{\"@context\":\"https:\/\/schema.org\",\"@graph\":[{\"@type\":\"WebPage\",\"@id\":\"https:\/\/casinozortea.com\/politica-de-privacidad\/\",\"url\":\"https:\/\/casinozortea.com\/politica-de-privacidad\/\",\"name\":\"Pol\u00edtica de privacidad - Casino Zortea\",\"isPartOf\":{\"@id\":\"https:\/\/casinozortea.com\/#website\"},\"datePublished\":\"2024-09-18T17:40:49+00:00\",\"breadcrumb\":{\"@id\":\"https:\/\/casinozortea.com\/politica-de-privacidad\/#breadcrumb\"},\"inLanguage\":\"en-US\",\"potentialAction\":[{\"@type\":\"ReadAction\",\"target\":[\"https:\/\/casinozortea.com\/politica-de-privacidad\/\"]}]},{\"@type\":\"BreadcrumbList\",\"@id\":\"https:\/\/casinozortea.com\/politica-de-privacidad\/#breadcrumb\",\"itemListElement\":[{\"@type\":\"ListItem\",\"position\":1,\"name\":\"Inicio\",\"item\":\"https:\/\/casinozortea.com\/\"},{\"@type\":\"ListItem\",\"position\":2,\"name\":\"Pol\u00edtica de privacidad\"}]},{\"@type\":\"WebSite\",\"@id\":\"https:\/\/casinozortea.com\/#website\",\"url\":\"https:\/\/casinozortea.com\/\",\"name\":\"Casino Zortea\",\"description\":\"Casino Premium Zortea\",\"publisher\":{\"@id\":\"https:\/\/casinozortea.com\/#organization\"},\"alternateName\":\"Casino Premium Zortea\",\"potentialAction\":[{\"@type\":\"SearchAction\",\"target\":{\"@type\":\"EntryPoint\",\"urlTemplate\":\"https:\/\/casinozortea.com\/?s={search_term_string}\"},\"query-input\":{\"@type\":\"PropertyValueSpecification\",\"valueRequired\":true,\"valueName\":\"search_term_string\"}}],\"inLanguage\":\"en-US\"},{\"@type\":\"Organization\",\"@id\":\"https:\/\/casinozortea.com\/#organization\",\"name\":\"Casino Zortea\",\"alternateName\":\"Casino Premium Zortea\",\"url\":\"https:\/\/casinozortea.com\/\",\"logo\":{\"@type\":\"ImageObject\",\"inLanguage\":\"en-US\",\"@id\":\"https:\/\/casinozortea.com\/#\/schema\/logo\/image\/\",\"url\":\"https:\/\/casinozortea.com\/wp-content\/uploads\/2024\/09\/Zortea-scaled.webp\",\"contentUrl\":\"https:\/\/casinozortea.com\/wp-content\/uploads\/2024\/09\/Zortea-scaled.webp\",\"width\":2560,\"height\":2560,\"caption\":\"Casino Zortea\"},\"image\":{\"@id\":\"https:\/\/casinozortea.com\/#\/schema\/logo\/image\/\"},\"sameAs\":[\"https:\/\/www.facebook.com\/profile.php?id=61565746108560\",\"https:\/\/www.instagram.com\/zortea_casino\/\"],\"description\":\"En Zortea, creemos que el juego es m\u00e1s que solo suerte. Es una experiencia que despierta emociones y crea recuerdos inolvidables.\",\"email\":\"aux.administracion@casinozortea.com\",\"telephone\":\"+573044403647\",\"numberOfEmployees\":{\"@type\":\"QuantitativeValue\",\"minValue\":\"51\",\"maxValue\":\"200\"},\"publishingPrinciples\":\"https:\/\/casinozortea.com\/politica-de-privacidad\/\"}]}<\/script>\n<!-- \/ Yoast SEO Premium plugin. -->","yoast_head_json":{"title":"Pol\u00edtica de privacidad - Casino Zortea","robots":{"index":"index","follow":"follow","max-snippet":"max-snippet:-1","max-image-preview":"max-image-preview:large","max-video-preview":"max-video-preview:-1"},"canonical":"https:\/\/casinozortea.com\/en\/politica-de-privacidad\/","og_locale":"en_US","og_type":"article","og_title":"Pol\u00edtica de privacidad","og_description":"Esta Pol\u00edtica de privacidad describe las pol\u00edticas de Casino Zortea, Cra. 43A #30-25 C.C. Premium Plaza Local 3101 Piso 3 \/ Medell\u00edn &#8211; Antioquia, Antioquia 050012, Colombia, correo electr\u00f3nico: Aux.administracion@casinozortea.com, tel\u00e9fono: 3044403647 sobre la recopilaci\u00f3n, el uso y la divulgaci\u00f3n de su informaci\u00f3n que recopilamos cuando utiliza nuestro sitio web (http:\/\/casinozortea.com\/). (el &#8220;Servicio&#8221;). Al acceder [&hellip;]","og_url":"https:\/\/casinozortea.com\/en\/politica-de-privacidad\/","og_site_name":"Casino Zortea","article_publisher":"https:\/\/www.facebook.com\/profile.php?id=61565746108560","og_image":[{"width":2560,"height":2560,"url":"https:\/\/casinozortea.com\/wp-content\/uploads\/2024\/09\/Zortea-scaled.webp","type":"image\/webp"}],"twitter_card":"summary_large_image","twitter_misc":{"Est. reading time":"4 minutes"},"schema":{"@context":"https:\/\/schema.org","@graph":[{"@type":"WebPage","@id":"https:\/\/casinozortea.com\/politica-de-privacidad\/","url":"https:\/\/casinozortea.com\/politica-de-privacidad\/","name":"Pol\u00edtica de privacidad - Casino Zortea","isPartOf":{"@id":"https:\/\/casinozortea.com\/#website"},"datePublished":"2024-09-18T17:40:49+00:00","breadcrumb":{"@id":"https:\/\/casinozortea.com\/politica-de-privacidad\/#breadcrumb"},"inLanguage":"en-US","potentialAction":[{"@type":"ReadAction","target":["https:\/\/casinozortea.com\/politica-de-privacidad\/"]}]},{"@type":"BreadcrumbList","@id":"https:\/\/casinozortea.com\/politica-de-privacidad\/#breadcrumb","itemListElement":[{"@type":"ListItem","position":1,"name":"Inicio","item":"https:\/\/casinozortea.com\/"},{"@type":"ListItem","position":2,"name":"Pol\u00edtica de privacidad"}]},{"@type":"WebSite","@id":"https:\/\/casinozortea.com\/#website","url":"https:\/\/casinozortea.com\/","name":"Casino Zortea","description":"Casino Premium Zortea","publisher":{"@id":"https:\/\/casinozortea.com\/#organization"},"alternateName":"Casino Premium Zortea","potentialAction":[{"@type":"SearchAction","target":{"@type":"EntryPoint","urlTemplate":"https:\/\/casinozortea.com\/?s={search_term_string}"},"query-input":{"@type":"PropertyValueSpecification","valueRequired":true,"valueName":"search_term_string"}}],"inLanguage":"en-US"},{"@type":"Organization","@id":"https:\/\/casinozortea.com\/#organization","name":"Casino Zortea","alternateName":"Casino Premium Zortea","url":"https:\/\/casinozortea.com\/","logo":{"@type":"ImageObject","inLanguage":"en-US","@id":"https:\/\/casinozortea.com\/#\/schema\/logo\/image\/","url":"https:\/\/casinozortea.com\/wp-content\/uploads\/2024\/09\/Zortea-scaled.webp","contentUrl":"https:\/\/casinozortea.com\/wp-content\/uploads\/2024\/09\/Zortea-scaled.webp","width":2560,"height":2560,"caption":"Casino Zortea"},"image":{"@id":"https:\/\/casinozortea.com\/#\/schema\/logo\/image\/"},"sameAs":["https:\/\/www.facebook.com\/profile.php?id=61565746108560","https:\/\/www.instagram.com\/zortea_casino\/"],"description":"En Zortea, creemos que el juego es m\u00e1s que solo suerte. Es una experiencia que despierta emociones y crea recuerdos inolvidables.","email":"aux.administracion@casinozortea.com","telephone":"+573044403647","numberOfEmployees":{"@type":"QuantitativeValue","minValue":"51","maxValue":"200"},"publishingPrinciples":"https:\/\/casinozortea.com\/politica-de-privacidad\/"}]}},"_links":{"self":[{"href":"https:\/\/casinozortea.com\/en\/wp-json\/wp\/v2\/pages\/1186","targetHints":{"allow":["GET"]}}],"collection":[{"href":"https:\/\/casinozortea.com\/en\/wp-json\/wp\/v2\/pages"}],"about":[{"href":"https:\/\/casinozortea.com\/en\/wp-json\/wp\/v2\/types\/page"}],"author":[{"embeddable":true,"href":"https:\/\/casinozortea.com\/en\/wp-json\/wp\/v2\/users\/1"}],"replies":[{"embeddable":true,"href":"https:\/\/casinozortea.com\/en\/wp-json\/wp\/v2\/comments?post=1186"}],"version-history":[{"count":0,"href":"https:\/\/casinozortea.com\/en\/wp-json\/wp\/v2\/pages\/1186\/revisions"}],"wp:attachment":[{"href":"https:\/\/casinozortea.com\/en\/wp-json\/wp\/v2\/media?parent=1186"}],"curies":[{"name":"wp","href":"https:\/\/api.w.org\/{rel}","templated":true}]}}